{"id":25790,"date":"2024-07-10T18:18:04","date_gmt":"2024-07-10T16:18:04","guid":{"rendered":"https:\/\/etnomuzykologia.uwr.edu.pl\/wyprawy-badawcze\/"},"modified":"2025-07-12T14:09:23","modified_gmt":"2025-07-12T12:09:23","slug":"research-expeditions","status":"publish","type":"page","link":"https:\/\/etnomuzykologia.uwr.edu.pl\/en\/research-expeditions\/","title":{"rendered":"Research expeditions"},"content":{"rendered":"\n<div class=\"wp-block-stackable-image-box stk-block-image-box stk-hover-parent stk-block stk-6c21f1d is-style-default\" data-block-id=\"6c21f1d\"><style>.stk-6c21f1d {margin-bottom:50px !important;}<\/style><div class=\"stk-block-content stk-inner-blocks has-text-align-center stk-row stk-block-image-box__content\">\n<div class=\"wp-block-stackable-image stk-block-image stk-block stk-f4a35fe\" data-block-id=\"f4a35fe\"><style>.stk-f4a35fe .stk-img-wrapper{width:100% !important;height:430px !important;}:where(.stk-hover-parent:hover,  .stk-hover-parent.stk--is-hovered) .stk-f4a35fe .stk-img-wrapper::after{background-color:#000000B3 !important;}<\/style><figure><span class=\"stk-img-wrapper stk-image--shape-stretch\"><img loading=\"lazy\" decoding=\"async\" class=\"stk-img wp-image-24632\" src=\"https:\/\/etnomuzykologia.uwr.edu.pl\/wp-content\/uploads\/sites\/604\/2024\/07\/DSCF4601.jpeg\" width=\"1700\" height=\"1133\" alt=\"Wyst\u0119p \u017ce\u0144skiego zespo\u0142u z Madagaskaru\" srcset=\"https:\/\/etnomuzykologia.uwr.edu.pl\/wp-content\/uploads\/sites\/604\/2024\/07\/DSCF4601.jpeg 1700w, https:\/\/etnomuzykologia.uwr.edu.pl\/wp-content\/uploads\/sites\/604\/2024\/07\/DSCF4601-300x200.jpeg 300w, https:\/\/etnomuzykologia.uwr.edu.pl\/wp-content\/uploads\/sites\/604\/2024\/07\/DSCF4601-1024x682.jpeg 1024w, https:\/\/etnomuzykologia.uwr.edu.pl\/wp-content\/uploads\/sites\/604\/2024\/07\/DSCF4601-768x512.jpeg 768w, https:\/\/etnomuzykologia.uwr.edu.pl\/wp-content\/uploads\/sites\/604\/2024\/07\/DSCF4601-1536x1024.jpeg 1536w, https:\/\/etnomuzykologia.uwr.edu.pl\/wp-content\/uploads\/sites\/604\/2024\/07\/DSCF4601-1320x880.jpeg 1320w, https:\/\/etnomuzykologia.uwr.edu.pl\/wp-content\/uploads\/sites\/604\/2024\/07\/DSCF4601-24x16.jpeg 24w, https:\/\/etnomuzykologia.uwr.edu.pl\/wp-content\/uploads\/sites\/604\/2024\/07\/DSCF4601-36x24.jpeg 36w, https:\/\/etnomuzykologia.uwr.edu.pl\/wp-content\/uploads\/sites\/604\/2024\/07\/DSCF4601-48x32.jpeg 48w\" sizes=\"auto, (max-width: 1700px) 100vw, 1700px\" \/><\/span><\/figure><\/div>\n\n\n\n<div class=\"wp-block-stackable-column stk-block-column stk-column stk-block stk-81a0fa6\" data-v=\"4\" data-block-id=\"81a0fa6\"><style>.stk-81a0fa6 {align-items:center !important;display:flex !important;}<\/style><div class=\"stk-column-wrapper stk-block-column__content stk-container stk-81a0fa6-container stk--no-background stk--no-padding\"><div class=\"stk-block-content stk-inner-blocks stk-81a0fa6-inner-blocks\">\n<div class=\"wp-block-stackable-subtitle stk-block-subtitle stk-block stk-6050634\" data-block-id=\"6050634\"><style>.stk-6050634 {margin-bottom:8px !important;opacity:0 !important;}:where(.stk-hover-parent:hover,  .stk-hover-parent.stk--is-hovered) .stk-6050634{opacity:1 !important;}.stk-6050634 .stk-block-subtitle__text{color:#FFFFFF !important;}<\/style><p class=\"stk-block-subtitle__text stk-subtitle has-text-color has-white-color\"><\/p><\/div>\n\n\n\n<div class=\"wp-block-stackable-heading stk-block-heading stk-block-heading--v2 stk-block stk-2bca09d\" id=\"span-style-color-ffffff-background-color-00000047-class-stk-highlight-strong-research-expedition-to-madagascar-strong-span\" data-block-id=\"2bca09d\"><style>.stk-2bca09d {margin-bottom:37px !important;}.stk-2bca09d .stk-block-heading__text{color:#FFFFFF !important;}<\/style><h4 class=\"stk-block-heading__text has-text-color has-white-color\"><span style=\"color: #ffffff;background-color: #00000047\" class=\"stk-highlight\"><strong>Research expedition to Madagascar<\/strong><\/span><\/h4><\/div>\n\n\n\n<div class=\"wp-block-stackable-text stk-block-text stk-block stk-398cd32\" data-block-id=\"398cd32\"><style>.stk-398cd32 {opacity:0 !important;}:where(.stk-hover-parent:hover,  .stk-hover-parent.stk--is-hovered) .stk-398cd32{opacity:1 !important;}.stk-398cd32 .stk-block-text__text{color:#FFFFFF !important;}<\/style><p class=\"stk-block-text__text has-text-color has-white-color\"><a href=\"https:\/\/etnomuzykologia.uwr.edu.pl\/en\/research-expedition-to-madagascar\/\" target=\"_blank\" rel=\"noreferrer noopener\"><span style=\"color: #8ed1fc;background-color: #00000080\" class=\"stk-highlight\">Click to learn more<\/span><\/a><\/p><\/div>\n<\/div><\/div><\/div>\n<\/div><\/div>\n\n\n\n<div class=\"wp-block-stackable-image-box stk-block-image-box stk-hover-parent stk-block stk-c795b90 is-style-default\" data-block-id=\"c795b90\"><style>.stk-c795b90 {margin-bottom:50px !important;}<\/style><div class=\"stk-block-content stk-inner-blocks has-text-align-center stk-row stk-block-image-box__content\">\n<div class=\"wp-block-stackable-image stk-block-image stk-block stk-8413507\" data-block-id=\"8413507\"><style>.stk-8413507 .stk-img-wrapper{width:100% !important;height:480px !important;}:where(.stk-hover-parent:hover,  .stk-hover-parent.stk--is-hovered) .stk-8413507 .stk-img-wrapper::after{background-color:#000000B3 !important;}<\/style><figure><span class=\"stk-img-wrapper stk-image--shape-stretch\"><img loading=\"lazy\" decoding=\"async\" class=\"stk-img wp-image-24242\" src=\"https:\/\/etnomuzykologia.uwr.edu.pl\/wp-content\/uploads\/sites\/604\/2024\/07\/Muzykologia_ekspedycja7-1600x1200-1.jpg\" width=\"1600\" height=\"1200\" alt=\"Tancerze z Malawi\" srcset=\"https:\/\/etnomuzykologia.uwr.edu.pl\/wp-content\/uploads\/sites\/604\/2024\/07\/Muzykologia_ekspedycja7-1600x1200-1.jpg 1600w, https:\/\/etnomuzykologia.uwr.edu.pl\/wp-content\/uploads\/sites\/604\/2024\/07\/Muzykologia_ekspedycja7-1600x1200-1-300x225.jpg 300w, https:\/\/etnomuzykologia.uwr.edu.pl\/wp-content\/uploads\/sites\/604\/2024\/07\/Muzykologia_ekspedycja7-1600x1200-1-1024x768.jpg 1024w, https:\/\/etnomuzykologia.uwr.edu.pl\/wp-content\/uploads\/sites\/604\/2024\/07\/Muzykologia_ekspedycja7-1600x1200-1-768x576.jpg 768w, https:\/\/etnomuzykologia.uwr.edu.pl\/wp-content\/uploads\/sites\/604\/2024\/07\/Muzykologia_ekspedycja7-1600x1200-1-1536x1152.jpg 1536w, https:\/\/etnomuzykologia.uwr.edu.pl\/wp-content\/uploads\/sites\/604\/2024\/07\/Muzykologia_ekspedycja7-1600x1200-1-1320x990.jpg 1320w, https:\/\/etnomuzykologia.uwr.edu.pl\/wp-content\/uploads\/sites\/604\/2024\/07\/Muzykologia_ekspedycja7-1600x1200-1-24x18.jpg 24w, https:\/\/etnomuzykologia.uwr.edu.pl\/wp-content\/uploads\/sites\/604\/2024\/07\/Muzykologia_ekspedycja7-1600x1200-1-36x27.jpg 36w, https:\/\/etnomuzykologia.uwr.edu.pl\/wp-content\/uploads\/sites\/604\/2024\/07\/Muzykologia_ekspedycja7-1600x1200-1-48x36.jpg 48w\" sizes=\"auto, (max-width: 1600px) 100vw, 1600px\" \/><\/span><\/figure><\/div>\n\n\n\n<div class=\"wp-block-stackable-column stk-block-column stk-column stk-block stk-1958d1b\" data-v=\"4\" data-block-id=\"1958d1b\"><style>.stk-1958d1b {align-items:center !important;display:flex !important;}<\/style><div class=\"stk-column-wrapper stk-block-column__content stk-container stk-1958d1b-container stk--no-background stk--no-padding\"><div class=\"stk-block-content stk-inner-blocks stk-1958d1b-inner-blocks\">\n<div class=\"wp-block-stackable-subtitle stk-block-subtitle stk-block stk-565c05d\" data-block-id=\"565c05d\"><style>.stk-565c05d {margin-bottom:8px !important;opacity:0 !important;}:where(.stk-hover-parent:hover,  .stk-hover-parent.stk--is-hovered) .stk-565c05d{opacity:1 !important;}.stk-565c05d .stk-block-subtitle__text{color:#FFFFFF !important;}<\/style><p class=\"stk-block-subtitle__text stk-subtitle has-text-color has-white-color\"><\/p><\/div>\n\n\n\n<div class=\"wp-block-stackable-heading stk-block-heading stk-block-heading--v2 stk-block stk-6a21280\" id=\"strong-span-style-color-ffffff-background-color-0000007-d-class-stk-highlight-research-expedition-to-malawi-span-strong\" data-block-id=\"6a21280\"><style>.stk-6a21280 .stk-block-heading__text{color:#FFFFFF !important;}<\/style><h4 class=\"stk-block-heading__text has-text-color has-white-color\"><strong><span style=\"color: #ffffff;background-color: #0000007d\" class=\"stk-highlight\">Research expedition to Malawi<\/span><\/strong><\/h4><\/div>\n\n\n\n<div class=\"wp-block-stackable-text stk-block-text stk-block stk-45c620b\" data-block-id=\"45c620b\"><style>.stk-45c620b {opacity:0 !important;}:where(.stk-hover-parent:hover,  .stk-hover-parent.stk--is-hovered) .stk-45c620b{opacity:1 !important;}.stk-45c620b .stk-block-text__text{color:#FFFFFF !important;}<\/style><p class=\"stk-block-text__text has-text-color has-white-color\"><a href=\"https:\/\/etnomuzykologia.uwr.edu.pl\/en\/malawi-expedition\/\" target=\"_blank\" rel=\"noreferrer noopener\"><span style=\"color: #8ed1fc;background-color: #000b1280\" class=\"stk-highlight\">Click to learn more<\/span><\/a><\/p><\/div>\n<\/div><\/div><\/div>\n<\/div><\/div>\n\n\n\n<div class=\"wp-block-stackable-image-box stk-block-image-box stk-hover-parent stk-block stk-9890fd3 is-style-default\" data-block-id=\"9890fd3\"><div class=\"stk-block-content stk-inner-blocks has-text-align-center stk-row stk-block-image-box__content\">\n<div class=\"wp-block-stackable-image stk-block-image stk-block stk-6c4573e\" data-block-id=\"6c4573e\"><style>.stk-6c4573e .stk-img-wrapper{width:100% !important;height:400px !important;}:where(.stk-hover-parent:hover,  .stk-hover-parent.stk--is-hovered) .stk-6c4573e .stk-img-wrapper::after{background-color:#000000B3 !important;}<\/style><figure><span class=\"stk-img-wrapper stk-image--shape-stretch\"><img loading=\"lazy\" decoding=\"async\" class=\"stk-img wp-image-26044\" src=\"https:\/\/etnomuzykologia.uwr.edu.pl\/wp-content\/uploads\/sites\/604\/2025\/07\/Uganda_post1_5.jpeg\" width=\"1600\" height=\"1066\" alt=\"Muzycy z Ugandy\" srcset=\"https:\/\/etnomuzykologia.uwr.edu.pl\/wp-content\/uploads\/sites\/604\/2025\/07\/Uganda_post1_5.jpeg 1600w, https:\/\/etnomuzykologia.uwr.edu.pl\/wp-content\/uploads\/sites\/604\/2025\/07\/Uganda_post1_5-300x200.jpeg 300w, https:\/\/etnomuzykologia.uwr.edu.pl\/wp-content\/uploads\/sites\/604\/2025\/07\/Uganda_post1_5-1024x682.jpeg 1024w, https:\/\/etnomuzykologia.uwr.edu.pl\/wp-content\/uploads\/sites\/604\/2025\/07\/Uganda_post1_5-768x512.jpeg 768w, https:\/\/etnomuzykologia.uwr.edu.pl\/wp-content\/uploads\/sites\/604\/2025\/07\/Uganda_post1_5-1536x1023.jpeg 1536w, https:\/\/etnomuzykologia.uwr.edu.pl\/wp-content\/uploads\/sites\/604\/2025\/07\/Uganda_post1_5-24x16.jpeg 24w, https:\/\/etnomuzykologia.uwr.edu.pl\/wp-content\/uploads\/sites\/604\/2025\/07\/Uganda_post1_5-36x24.jpeg 36w, https:\/\/etnomuzykologia.uwr.edu.pl\/wp-content\/uploads\/sites\/604\/2025\/07\/Uganda_post1_5-48x32.jpeg 48w\" sizes=\"auto, (max-width: 1600px) 100vw, 1600px\" \/><\/span><\/figure><\/div>\n\n\n\n<div class=\"wp-block-stackable-column stk-block-column stk-column stk-block stk-a98a38e\" data-v=\"4\" data-block-id=\"a98a38e\"><style>.stk-a98a38e {align-items:center !important;display:flex !important;}<\/style><div class=\"stk-column-wrapper stk-block-column__content stk-container stk-a98a38e-container stk--no-background stk--no-padding\"><div class=\"stk-block-content stk-inner-blocks stk-a98a38e-inner-blocks\">\n<div class=\"wp-block-stackable-subtitle stk-block-subtitle stk-block stk-0cfdc4a\" data-block-id=\"0cfdc4a\"><style>.stk-0cfdc4a {margin-bottom:8px !important;opacity:0 !important;}:where(.stk-hover-parent:hover,  .stk-hover-parent.stk--is-hovered) .stk-0cfdc4a{opacity:1 !important;}.stk-0cfdc4a .stk-block-subtitle__text{color:#FFFFFF !important;}<\/style><p class=\"stk-block-subtitle__text stk-subtitle has-text-color has-white-color\"><\/p><\/div>\n\n\n\n<div class=\"wp-block-stackable-heading stk-block-heading stk-block-heading--v2 stk-block stk-23313b6\" id=\"strong-strong-span-style-color-ffffff-background-color-0000007-d-class-stk-highlight-research-expedition-to-uganda-span-strong-strong\" data-block-id=\"23313b6\"><style>.stk-23313b6 .stk-block-heading__text{color:#FFFFFF !important;}<\/style><h4 class=\"stk-block-heading__text has-text-color has-white-color\"><strong><strong><span style=\"color: #ffffff;background-color: #0000007d\" class=\"stk-highlight\">Research expedition to Uganda<\/span><\/strong><\/strong><\/h4><\/div>\n\n\n\n<div class=\"wp-block-stackable-text stk-block-text stk-block stk-0911a2d\" data-block-id=\"0911a2d\"><style>.stk-0911a2d {opacity:0 !important;}:where(.stk-hover-parent:hover,  .stk-hover-parent.stk--is-hovered) .stk-0911a2d{opacity:1 !important;}.stk-0911a2d .stk-block-text__text{color:#FFFFFF !important;}<\/style><p class=\"stk-block-text__text has-text-color has-white-color\"><a href=\"https:\/\/etnomuzykologia.uwr.edu.pl\/en\/reserarch-expedition-to-uganda\/\"><span style=\"color: #21212180;background-color: #77a9ff\" class=\"stk-highlight\">Click to learn more<\/span><\/a><\/p><\/div>\n<\/div><\/div><\/div>\n<\/div><\/div>\n\n\n\n<p><\/p>\n","protected":false},"excerpt":{"rendered":"<p>Research expedition to Madagascar Click to learn more Research expedition to Malawi Click to learn more Research expedition to Uganda Click to learn more<\/p>\n","protected":false},"author":9664,"featured_media":0,"parent":0,"menu_order":0,"comment_status":"closed","ping_status":"closed","template":"","meta":{"_acf_changed":false,"inline_featured_image":false,"site-sidebar-layout":"default","site-content-layout":"","ast-site-content-layout":"default","site-content-style":"default","site-sidebar-style":"default","ast-global-header-display":"","ast-banner-title-visibility":"","ast-main-header-display":"","ast-hfb-above-header-display":"","ast-hfb-below-header-display":"","ast-hfb-mobile-header-display":"","site-post-title":"","ast-breadcrumbs-content":"","ast-featured-img":"","footer-sml-layout":"","ast-disable-related-posts":"","theme-transparent-header-meta":"","adv-header-id-meta":"","stick-header-meta":"","header-above-stick-meta":"","header-main-stick-meta":"","header-below-stick-meta":"","astra-migrate-meta-layouts":"set","ast-page-background-enabled":"default","ast-page-background-meta":{"desktop":{"background-color":"","background-image":"","background-repeat":"repeat","background-position":"center center","background-size":"auto","background-attachment":"scroll","background-type":"","background-media":"","overlay-type":"","overlay-color":"","overlay-opacity":"","overlay-gradient":""},"tablet":{"background-color":"","background-image":"","background-repeat":"repeat","background-position":"center center","background-size":"auto","background-attachment":"scroll","background-type":"","background-media":"","overlay-type":"","overlay-color":"","overlay-opacity":"","overlay-gradient":""},"mobile":{"background-color":"","background-image":"","background-repeat":"repeat","background-position":"center center","background-size":"auto","background-attachment":"scroll","background-type":"","background-media":"","overlay-type":"","overlay-color":"","overlay-opacity":"","overlay-gradient":""}},"ast-content-background-meta":{"desktop":{"background-color":"var(--ast-global-color-5)","background-image":"","background-repeat":"repeat","background-position":"center center","background-size":"auto","background-attachment":"scroll","background-type":"","background-media":"","overlay-type":"","overlay-color":"","overlay-opacity":"","overlay-gradient":""},"tablet":{"background-color":"var(--ast-global-color-5)","background-image":"","background-repeat":"repeat","background-position":"center center","background-size":"auto","background-attachment":"scroll","background-type":"","background-media":"","overlay-type":"","overlay-color":"","overlay-opacity":"","overlay-gradient":""},"mobile":{"background-color":"var(--ast-global-color-5)","background-image":"","background-repeat":"repeat","background-position":"center center","background-size":"auto","background-attachment":"scroll","background-type":"","background-media":"","overlay-type":"","overlay-color":"","overlay-opacity":"","overlay-gradient":""}},"footnotes":""},"categories":[287],"tags":[],"class_list":["post-25790","page","type-page","status-publish","hentry","category-research-expeditions"],"featured_image_urls_v2":{"full":"","thumbnail":"","medium":"","medium_large":"","large":"","1536x1536":"","2048x2048":"","menu-24x24":"","menu-36x36":"","menu-48x48":""},"post_excerpt_stackable_v2":"<p>Research expedition to Madagascar Click to learn more Research expedition to Malawi Click to learn more Research expedition to Uganda Click to learn more<\/p>\n","category_list_v2":"<a href=\"https:\/\/etnomuzykologia.uwr.edu.pl\/en\/category\/research-expeditions\/\" rel=\"category tag\">Research expeditions<\/a>","author_info_v2":{"name":"jkopaniecki","url":"https:\/\/etnomuzykologia.uwr.edu.pl\/en\/author\/jkopaniecki\/"},"comments_num_v2":"0 comments","acf":[],"yoast_head":"<!-- This site is optimized with the Yoast SEO plugin v27.1.1 - https:\/\/yoast.com\/product\/yoast-seo-wordpress\/ -->\n<title>Reseach expeditions - Ethnomusicology in Wroclaw<\/title>\n<meta name=\"robots\" content=\"index, follow, max-snippet:-1, max-image-preview:large, max-video-preview:-1\" \/>\n<link rel=\"canonical\" href=\"https:\/\/etnomuzykologia.uwr.edu.pl\/en\/research-expeditions\/\" \/>\n<meta property=\"og:locale\" content=\"en_US\" \/>\n<meta property=\"og:type\" content=\"article\" \/>\n<meta property=\"og:title\" content=\"Reseach expeditions - Ethnomusicology in Wroclaw\" \/>\n<meta property=\"og:description\" content=\"Research expedition to Madagascar Click to learn more Research expedition to Malawi Click to learn more Research expedition to Uganda Click to learn more\" \/>\n<meta property=\"og:url\" content=\"https:\/\/etnomuzykologia.uwr.edu.pl\/en\/research-expeditions\/\" \/>\n<meta property=\"og:site_name\" content=\"Testowa Witryna\" \/>\n<meta property=\"article:modified_time\" content=\"2025-07-12T12:09:23+00:00\" \/>\n<meta property=\"og:image\" content=\"https:\/\/etnomuzykologia.uwr.edu.pl\/wp-content\/uploads\/sites\/604\/2024\/07\/DSCF4601.jpeg\" \/>\n\t<meta property=\"og:image:width\" content=\"1700\" \/>\n\t<meta property=\"og:image:height\" content=\"1133\" \/>\n\t<meta property=\"og:image:type\" content=\"image\/jpeg\" \/>\n<meta name=\"twitter:card\" content=\"summary_large_image\" \/>\n<meta name=\"twitter:label1\" content=\"Est. reading time\" \/>\n\t<meta name=\"twitter:data1\" content=\"1 minute\" \/>\n<script type=\"application\/ld+json\" class=\"yoast-schema-graph\">{\"@context\":\"https:\/\/schema.org\",\"@graph\":[{\"@type\":\"WebPage\",\"@id\":\"https:\/\/etnomuzykologia.uwr.edu.pl\/en\/research-expeditions\/\",\"url\":\"https:\/\/etnomuzykologia.uwr.edu.pl\/en\/research-expeditions\/\",\"name\":\"Reseach expeditions - Ethnomusicology in Wroclaw\",\"isPartOf\":{\"@id\":\"https:\/\/etnomuzykologia.uwr.edu.pl\/#website\"},\"primaryImageOfPage\":{\"@id\":\"https:\/\/etnomuzykologia.uwr.edu.pl\/en\/research-expeditions\/#primaryimage\"},\"image\":{\"@id\":\"https:\/\/etnomuzykologia.uwr.edu.pl\/en\/research-expeditions\/#primaryimage\"},\"thumbnailUrl\":\"https:\/\/etnomuzykologia.uwr.edu.pl\/wp-content\/uploads\/sites\/604\/2024\/07\/DSCF4601.jpeg\",\"datePublished\":\"2024-07-10T16:18:04+00:00\",\"dateModified\":\"2025-07-12T12:09:23+00:00\",\"breadcrumb\":{\"@id\":\"https:\/\/etnomuzykologia.uwr.edu.pl\/en\/research-expeditions\/#breadcrumb\"},\"inLanguage\":\"en-US\",\"potentialAction\":[{\"@type\":\"ReadAction\",\"target\":[\"https:\/\/etnomuzykologia.uwr.edu.pl\/en\/research-expeditions\/\"]}]},{\"@type\":\"ImageObject\",\"inLanguage\":\"en-US\",\"@id\":\"https:\/\/etnomuzykologia.uwr.edu.pl\/en\/research-expeditions\/#primaryimage\",\"url\":\"https:\/\/etnomuzykologia.uwr.edu.pl\/wp-content\/uploads\/sites\/604\/2024\/07\/DSCF4601.jpeg\",\"contentUrl\":\"https:\/\/etnomuzykologia.uwr.edu.pl\/wp-content\/uploads\/sites\/604\/2024\/07\/DSCF4601.jpeg\"},{\"@type\":\"BreadcrumbList\",\"@id\":\"https:\/\/etnomuzykologia.uwr.edu.pl\/en\/research-expeditions\/#breadcrumb\",\"itemListElement\":[{\"@type\":\"ListItem\",\"position\":1,\"name\":\"Strona g\u0142\u00f3wna\",\"item\":\"https:\/\/etnomuzykologia.uwr.edu.pl\/en\/\"},{\"@type\":\"ListItem\",\"position\":2,\"name\":\"Research expeditions\"}]},{\"@type\":\"WebSite\",\"@id\":\"https:\/\/etnomuzykologia.uwr.edu.pl\/#website\",\"url\":\"https:\/\/etnomuzykologia.uwr.edu.pl\/\",\"name\":\"Testowa Witryna\",\"description\":\"Kolejna witryna sieci \u201eUWR Witryny\u201d\",\"publisher\":{\"@id\":\"https:\/\/etnomuzykologia.uwr.edu.pl\/#organization\"},\"potentialAction\":[{\"@type\":\"SearchAction\",\"target\":{\"@type\":\"EntryPoint\",\"urlTemplate\":\"https:\/\/etnomuzykologia.uwr.edu.pl\/?s={search_term_string}\"},\"query-input\":{\"@type\":\"PropertyValueSpecification\",\"valueRequired\":true,\"valueName\":\"search_term_string\"}}],\"inLanguage\":\"en-US\"},{\"@type\":\"Organization\",\"@id\":\"https:\/\/etnomuzykologia.uwr.edu.pl\/#organization\",\"name\":\"Testowa Witryna\",\"url\":\"https:\/\/etnomuzykologia.uwr.edu.pl\/\",\"logo\":{\"@type\":\"ImageObject\",\"inLanguage\":\"en-US\",\"@id\":\"https:\/\/etnomuzykologia.uwr.edu.pl\/#\/schema\/logo\/image\/\",\"url\":\"https:\/\/etnomuzykologia.uwr.edu.pl\/wp-content\/uploads\/sites\/604\/2025\/10\/UWr-logotyp-2025.png\",\"contentUrl\":\"https:\/\/etnomuzykologia.uwr.edu.pl\/wp-content\/uploads\/sites\/604\/2025\/10\/UWr-logotyp-2025.png\",\"width\":764,\"height\":269,\"caption\":\"Testowa Witryna\"},\"image\":{\"@id\":\"https:\/\/etnomuzykologia.uwr.edu.pl\/#\/schema\/logo\/image\/\"}}]}<\/script>\n<!-- \/ Yoast SEO plugin. -->","yoast_head_json":{"title":"Reseach expeditions - Ethnomusicology in Wroclaw","robots":{"index":"index","follow":"follow","max-snippet":"max-snippet:-1","max-image-preview":"max-image-preview:large","max-video-preview":"max-video-preview:-1"},"canonical":"https:\/\/etnomuzykologia.uwr.edu.pl\/en\/research-expeditions\/","og_locale":"en_US","og_type":"article","og_title":"Reseach expeditions - Ethnomusicology in Wroclaw","og_description":"Research expedition to Madagascar Click to learn more Research expedition to Malawi Click to learn more Research expedition to Uganda Click to learn more","og_url":"https:\/\/etnomuzykologia.uwr.edu.pl\/en\/research-expeditions\/","og_site_name":"Testowa Witryna","article_modified_time":"2025-07-12T12:09:23+00:00","og_image":[{"width":1700,"height":1133,"url":"https:\/\/etnomuzykologia.uwr.edu.pl\/wp-content\/uploads\/sites\/604\/2024\/07\/DSCF4601.jpeg","type":"image\/jpeg"}],"twitter_card":"summary_large_image","twitter_misc":{"Est. reading time":"1 minute"},"schema":{"@context":"https:\/\/schema.org","@graph":[{"@type":"WebPage","@id":"https:\/\/etnomuzykologia.uwr.edu.pl\/en\/research-expeditions\/","url":"https:\/\/etnomuzykologia.uwr.edu.pl\/en\/research-expeditions\/","name":"Reseach expeditions - Ethnomusicology in Wroclaw","isPartOf":{"@id":"https:\/\/etnomuzykologia.uwr.edu.pl\/#website"},"primaryImageOfPage":{"@id":"https:\/\/etnomuzykologia.uwr.edu.pl\/en\/research-expeditions\/#primaryimage"},"image":{"@id":"https:\/\/etnomuzykologia.uwr.edu.pl\/en\/research-expeditions\/#primaryimage"},"thumbnailUrl":"https:\/\/etnomuzykologia.uwr.edu.pl\/wp-content\/uploads\/sites\/604\/2024\/07\/DSCF4601.jpeg","datePublished":"2024-07-10T16:18:04+00:00","dateModified":"2025-07-12T12:09:23+00:00","breadcrumb":{"@id":"https:\/\/etnomuzykologia.uwr.edu.pl\/en\/research-expeditions\/#breadcrumb"},"inLanguage":"en-US","potentialAction":[{"@type":"ReadAction","target":["https:\/\/etnomuzykologia.uwr.edu.pl\/en\/research-expeditions\/"]}]},{"@type":"ImageObject","inLanguage":"en-US","@id":"https:\/\/etnomuzykologia.uwr.edu.pl\/en\/research-expeditions\/#primaryimage","url":"https:\/\/etnomuzykologia.uwr.edu.pl\/wp-content\/uploads\/sites\/604\/2024\/07\/DSCF4601.jpeg","contentUrl":"https:\/\/etnomuzykologia.uwr.edu.pl\/wp-content\/uploads\/sites\/604\/2024\/07\/DSCF4601.jpeg"},{"@type":"BreadcrumbList","@id":"https:\/\/etnomuzykologia.uwr.edu.pl\/en\/research-expeditions\/#breadcrumb","itemListElement":[{"@type":"ListItem","position":1,"name":"Strona g\u0142\u00f3wna","item":"https:\/\/etnomuzykologia.uwr.edu.pl\/en\/"},{"@type":"ListItem","position":2,"name":"Research expeditions"}]},{"@type":"WebSite","@id":"https:\/\/etnomuzykologia.uwr.edu.pl\/#website","url":"https:\/\/etnomuzykologia.uwr.edu.pl\/","name":"Testowa Witryna","description":"Kolejna witryna sieci \u201eUWR Witryny\u201d","publisher":{"@id":"https:\/\/etnomuzykologia.uwr.edu.pl\/#organization"},"potentialAction":[{"@type":"SearchAction","target":{"@type":"EntryPoint","urlTemplate":"https:\/\/etnomuzykologia.uwr.edu.pl\/?s={search_term_string}"},"query-input":{"@type":"PropertyValueSpecification","valueRequired":true,"valueName":"search_term_string"}}],"inLanguage":"en-US"},{"@type":"Organization","@id":"https:\/\/etnomuzykologia.uwr.edu.pl\/#organization","name":"Testowa Witryna","url":"https:\/\/etnomuzykologia.uwr.edu.pl\/","logo":{"@type":"ImageObject","inLanguage":"en-US","@id":"https:\/\/etnomuzykologia.uwr.edu.pl\/#\/schema\/logo\/image\/","url":"https:\/\/etnomuzykologia.uwr.edu.pl\/wp-content\/uploads\/sites\/604\/2025\/10\/UWr-logotyp-2025.png","contentUrl":"https:\/\/etnomuzykologia.uwr.edu.pl\/wp-content\/uploads\/sites\/604\/2025\/10\/UWr-logotyp-2025.png","width":764,"height":269,"caption":"Testowa Witryna"},"image":{"@id":"https:\/\/etnomuzykologia.uwr.edu.pl\/#\/schema\/logo\/image\/"}}]}},"publishpress_future_action":{"enabled":false,"date":"2026-05-22 20:44:46","action":"change-status","newStatus":"draft","terms":[],"taxonomy":"category","extraData":[]},"publishpress_future_workflow_manual_trigger":{"enabledWorkflows":[]},"_links":{"self":[{"href":"https:\/\/etnomuzykologia.uwr.edu.pl\/en\/wp-json\/wp\/v2\/pages\/25790\/"}],"collection":[{"href":"https:\/\/etnomuzykologia.uwr.edu.pl\/en\/wp-json\/wp\/v2\/pages\/"}],"about":[{"href":"https:\/\/etnomuzykologia.uwr.edu.pl\/en\/wp-json\/wp\/v2\/types\/page\/"}],"author":[{"embeddable":true,"href":"https:\/\/etnomuzykologia.uwr.edu.pl\/en\/wp-json\/wp\/v2\/users\/9664\/"}],"replies":[{"embeddable":true,"href":"https:\/\/etnomuzykologia.uwr.edu.pl\/en\/wp-json\/wp\/v2\/comments\/?post=25790"}],"version-history":[{"count":2,"href":"https:\/\/etnomuzykologia.uwr.edu.pl\/en\/wp-json\/wp\/v2\/pages\/25790\/revisions\/"}],"predecessor-version":[{"id":26206,"href":"https:\/\/etnomuzykologia.uwr.edu.pl\/en\/wp-json\/wp\/v2\/pages\/25790\/revisions\/26206\/"}],"wp:attachment":[{"href":"https:\/\/etnomuzykologia.uwr.edu.pl\/en\/wp-json\/wp\/v2\/media\/?parent=25790"}],"wp:term":[{"taxonomy":"category","embeddable":true,"href":"https:\/\/etnomuzykologia.uwr.edu.pl\/en\/wp-json\/wp\/v2\/categories\/?post=25790"},{"taxonomy":"post_tag","embeddable":true,"href":"https:\/\/etnomuzykologia.uwr.edu.pl\/en\/wp-json\/wp\/v2\/tags\/?post=25790"}],"curies":[{"name":"wp","href":"https:\/\/api.w.org\/{rel}","templated":true}]}}