{"id":25232,"date":"2024-07-10T18:18:03","date_gmt":"2024-07-10T16:18:03","guid":{"rendered":"https:\/\/etnomuzykologia.uwr.edu.pl\/support-expedition-to-madagascar-ethnomusicology\/"},"modified":"2024-07-27T20:50:20","modified_gmt":"2024-07-27T18:50:20","slug":"soutenir-expedition-a-madagascar-ethnomusicologie","status":"publish","type":"page","link":"https:\/\/etnomuzykologia.uwr.edu.pl\/fr\/soutenir-expedition-a-madagascar-ethnomusicologie\/","title":{"rendered":"Soutenir l&rsquo;exp\u00e9dition de recherche \u00e0 Madagascar"},"content":{"rendered":"\n<div class=\"wp-block-media-text is-stacked-on-mobile\"><figure class=\"wp-block-media-text__media\"><img loading=\"lazy\" decoding=\"async\" width=\"1024\" height=\"681\" src=\"https:\/\/etnomuzykologia.uwr.edu.pl\/wp-content\/uploads\/sites\/604\/2024\/07\/IMGP3156-1024x681.jpeg\" alt=\"Badania etnomuzykolog\u00f3w na Madagaskarze\" class=\"wp-image-24467 size-full\" srcset=\"https:\/\/etnomuzykologia.uwr.edu.pl\/wp-content\/uploads\/sites\/604\/2024\/07\/IMGP3156-1024x681.jpeg 1024w, https:\/\/etnomuzykologia.uwr.edu.pl\/wp-content\/uploads\/sites\/604\/2024\/07\/IMGP3156-300x200.jpeg 300w, https:\/\/etnomuzykologia.uwr.edu.pl\/wp-content\/uploads\/sites\/604\/2024\/07\/IMGP3156-768x511.jpeg 768w, https:\/\/etnomuzykologia.uwr.edu.pl\/wp-content\/uploads\/sites\/604\/2024\/07\/IMGP3156-1536x1021.jpeg 1536w, https:\/\/etnomuzykologia.uwr.edu.pl\/wp-content\/uploads\/sites\/604\/2024\/07\/IMGP3156-1320x878.jpeg 1320w, https:\/\/etnomuzykologia.uwr.edu.pl\/wp-content\/uploads\/sites\/604\/2024\/07\/IMGP3156-24x16.jpeg 24w, https:\/\/etnomuzykologia.uwr.edu.pl\/wp-content\/uploads\/sites\/604\/2024\/07\/IMGP3156-36x24.jpeg 36w, https:\/\/etnomuzykologia.uwr.edu.pl\/wp-content\/uploads\/sites\/604\/2024\/07\/IMGP3156-48x32.jpeg 48w, https:\/\/etnomuzykologia.uwr.edu.pl\/wp-content\/uploads\/sites\/604\/2024\/07\/IMGP3156.jpeg 1800w\" sizes=\"auto, (max-width: 1024px) 100vw, 1024px\" \/><\/figure><div class=\"wp-block-media-text__content\">\n<p><strong>Salama ! Bienvenue sur le site web de notre exp\u00e9dition de recherche et salutations de la belle Madagascar, un endroit qui nous a enchant\u00e9s d\u00e8s les premiers instants par sa couleur, sa diversit\u00e9 et son hospitalit\u00e9. Chaque jour, nous explorons de nouveaux espaces et de nouvelles nuances de la culture malgache, de la musique, de la danse et du mouvement \u00e0 l&rsquo;imagination, aux traditions et aux croyances locales.\u00a0<\/strong><\/p>\n<\/div><\/div>\n\n\n\n<p>Les membres de l&rsquo;exp\u00e9dition sont pour la plupart des \u00e9tudiants de l&rsquo;universit\u00e9 de Wroc\u0142aw, de jeunes chercheurs fascin\u00e9s par l&rsquo;ethos de l&rsquo;\u00eele. Certains d&rsquo;entre eux avaient d\u00e9j\u00e0 eu l&rsquo;occasion de participer \u00e0 des recherches approfondies sur le terrain dans un autre pays africain, le Malawi, il y a deux ans. Le mat\u00e9riel ethnographique de cette exp\u00e9dition a servi de base \u00e0 de nombreuses conf\u00e9rences et \u00e9tudes, permettant ainsi \u00e0 l&rsquo;Europe d&rsquo;acqu\u00e9rir des connaissances inestimables sur ce pays m\u00e9connu.\u00a0<\/p>\n\n\n\n<p>\u00c0 notre retour de Madagascar, nous pr\u00e9voyons d&rsquo;organiser une conf\u00e9rence scientifique ainsi que des conf\u00e9rences ouvertes et des ateliers afin de pr\u00e9senter nos r\u00e9sultats \u00e0 tous ceux qui s&rsquo;int\u00e9ressent \u00e0 la culture de ce pays. Nous couronnerons l&rsquo;exp\u00e9dition par une publication, accompagn\u00e9e d&rsquo;une riche collection de photographies et d&rsquo;enregistrements documentant le folklore de la partie nord-est du pays.\u00a0<\/p>\n\n\n\n<p>On our return from Madagascar, we plan to organise a scientific conference and open lectures and workshops, during which we will present our findings to all those interested in the culture of the country. We will crown the expedition with a publication, accompanied by a rich collection of photographs and recordings documenting the folklore of the north-eastern part of the country.<\/p>\n\n\n\n<figure class=\"wp-block-image aligncenter size-large\"><img loading=\"lazy\" decoding=\"async\" width=\"1024\" height=\"681\" src=\"https:\/\/etnomuzykologia.uwr.edu.pl\/wp-content\/uploads\/sites\/604\/2024\/07\/studenci-na-badaniach-etnomuzykologicznych-1024x681.jpeg\" alt=\"Badania student\u00f3w etnomuzykologicznych\" class=\"wp-image-24578\" srcset=\"https:\/\/etnomuzykologia.uwr.edu.pl\/wp-content\/uploads\/sites\/604\/2024\/07\/studenci-na-badaniach-etnomuzykologicznych-1024x681.jpeg 1024w, https:\/\/etnomuzykologia.uwr.edu.pl\/wp-content\/uploads\/sites\/604\/2024\/07\/studenci-na-badaniach-etnomuzykologicznych-300x199.jpeg 300w, https:\/\/etnomuzykologia.uwr.edu.pl\/wp-content\/uploads\/sites\/604\/2024\/07\/studenci-na-badaniach-etnomuzykologicznych-768x510.jpeg 768w, https:\/\/etnomuzykologia.uwr.edu.pl\/wp-content\/uploads\/sites\/604\/2024\/07\/studenci-na-badaniach-etnomuzykologicznych-1536x1021.jpeg 1536w, https:\/\/etnomuzykologia.uwr.edu.pl\/wp-content\/uploads\/sites\/604\/2024\/07\/studenci-na-badaniach-etnomuzykologicznych-1320x877.jpeg 1320w, https:\/\/etnomuzykologia.uwr.edu.pl\/wp-content\/uploads\/sites\/604\/2024\/07\/studenci-na-badaniach-etnomuzykologicznych-24x16.jpeg 24w, https:\/\/etnomuzykologia.uwr.edu.pl\/wp-content\/uploads\/sites\/604\/2024\/07\/studenci-na-badaniach-etnomuzykologicznych-36x24.jpeg 36w, https:\/\/etnomuzykologia.uwr.edu.pl\/wp-content\/uploads\/sites\/604\/2024\/07\/studenci-na-badaniach-etnomuzykologicznych-48x32.jpeg 48w, https:\/\/etnomuzykologia.uwr.edu.pl\/wp-content\/uploads\/sites\/604\/2024\/07\/studenci-na-badaniach-etnomuzykologicznych.jpeg 1700w\" sizes=\"auto, (max-width: 1024px) 100vw, 1024px\" \/><figcaption class=\"wp-element-caption\">Fot. \u0141ukasz Smoluch<\/figcaption><\/figure>\n\n\n\n<p>Nous encourageons les \u00e9tudiants \u00e0 nous soutenir financi\u00e8rement &#8211; l&rsquo;argent nous permet d&rsquo;assurer le transport dans la r\u00e9gion, d&rsquo;atteindre les petites communaut\u00e9s locales, souvent isol\u00e9es, et de payer les salaires des artistes, hommes et femmes. Chaque ariary fait la diff\u00e9rence !&nbsp;<\/p>\n\n\n\n<p><strong>Num\u00e9ro de compte bancaire Santander :<\/strong><\/p>\n\n\n\n<p>71 1090 2503 0000 0006 3000 0004<\/p>\n\n\n\n<p>IBAN EN 71 1090 2503 0000 0006 3000 0004<\/p>\n\n\n\n<p>SWIFT code WBKPPLPP<\/p>\n\n\n\n<p>Titre du transfert : \u00ab\u00a0darowizna Madagaskar 2024\u00a0\u00bb.<\/p>\n\n\n\n<p>Merci pour votre soutien aux \u00e9tudiants en musicologie de Wroclaw. Misaotra !<\/p>\n","protected":false},"excerpt":{"rendered":"<p>Salama ! Bienvenue sur le site web de notre exp\u00e9dition de recherche et salutations de la belle Madagascar, un endroit qui nous a enchant\u00e9s d\u00e8s les premiers instants par sa couleur, sa diversit\u00e9 et son hospitalit\u00e9. Chaque jour, nous explorons de nouveaux espaces et de nouvelles nuances de la culture malgache, de la musique, de [&hellip;]<\/p>\n","protected":false},"author":9664,"featured_media":0,"parent":0,"menu_order":0,"comment_status":"closed","ping_status":"closed","template":"","meta":{"_acf_changed":false,"inline_featured_image":false,"site-sidebar-layout":"default","site-content-layout":"","ast-site-content-layout":"default","site-content-style":"default","site-sidebar-style":"default","ast-global-header-display":"","ast-banner-title-visibility":"","ast-main-header-display":"","ast-hfb-above-header-display":"","ast-hfb-below-header-display":"","ast-hfb-mobile-header-display":"","site-post-title":"","ast-breadcrumbs-content":"","ast-featured-img":"","footer-sml-layout":"","ast-disable-related-posts":"","theme-transparent-header-meta":"","adv-header-id-meta":"","stick-header-meta":"","header-above-stick-meta":"","header-main-stick-meta":"","header-below-stick-meta":"","astra-migrate-meta-layouts":"default","ast-page-background-enabled":"default","ast-page-background-meta":{"desktop":{"background-color":"","background-image":"","background-repeat":"repeat","background-position":"center center","background-size":"auto","background-attachment":"scroll","background-type":"","background-media":"","overlay-type":"","overlay-color":"","overlay-opacity":"","overlay-gradient":""},"tablet":{"background-color":"","background-image":"","background-repeat":"repeat","background-position":"center center","background-size":"auto","background-attachment":"scroll","background-type":"","background-media":"","overlay-type":"","overlay-color":"","overlay-opacity":"","overlay-gradient":""},"mobile":{"background-color":"","background-image":"","background-repeat":"repeat","background-position":"center center","background-size":"auto","background-attachment":"scroll","background-type":"","background-media":"","overlay-type":"","overlay-color":"","overlay-opacity":"","overlay-gradient":""}},"ast-content-background-meta":{"desktop":{"background-color":"var(--ast-global-color-5)","background-image":"","background-repeat":"repeat","background-position":"center center","background-size":"auto","background-attachment":"scroll","background-type":"","background-media":"","overlay-type":"","overlay-color":"","overlay-opacity":"","overlay-gradient":""},"tablet":{"background-color":"var(--ast-global-color-5)","background-image":"","background-repeat":"repeat","background-position":"center center","background-size":"auto","background-attachment":"scroll","background-type":"","background-media":"","overlay-type":"","overlay-color":"","overlay-opacity":"","overlay-gradient":""},"mobile":{"background-color":"var(--ast-global-color-5)","background-image":"","background-repeat":"repeat","background-position":"center center","background-size":"auto","background-attachment":"scroll","background-type":"","background-media":"","overlay-type":"","overlay-color":"","overlay-opacity":"","overlay-gradient":""}},"footnotes":""},"categories":[299],"tags":[],"class_list":["post-25232","page","type-page","status-publish","hentry","category-madagaskar-fr"],"featured_image_urls_v2":{"full":"","thumbnail":"","medium":"","medium_large":"","large":"","1536x1536":"","2048x2048":"","menu-24x24":"","menu-36x36":"","menu-48x48":""},"post_excerpt_stackable_v2":"<p>Salama ! Bienvenue sur le site web de notre exp\u00e9dition de recherche et salutations de la belle Madagascar, un endroit qui nous a enchant\u00e9s d\u00e8s les premiers instants par sa couleur, sa diversit\u00e9 et son hospitalit\u00e9. Chaque jour, nous explorons de nouveaux espaces et de nouvelles nuances de la culture malgache, de la musique, de la danse et du mouvement \u00e0 l&rsquo;imagination, aux traditions et aux croyances locales.\u00a0 Les membres de l&rsquo;exp\u00e9dition sont pour la plupart des \u00e9tudiants de l&rsquo;universit\u00e9 de Wroc\u0142aw, de jeunes chercheurs fascin\u00e9s par l&rsquo;ethos de l&rsquo;\u00eele. Certains d&rsquo;entre eux avaient d\u00e9j\u00e0 eu l&rsquo;occasion de participer \u00e0\u2026<\/p>\n","category_list_v2":"<a href=\"https:\/\/etnomuzykologia.uwr.edu.pl\/fr\/category\/wyprawy-badawcze-fr\/madagaskar-fr\/\" rel=\"category tag\">Madagascar FR<\/a>","author_info_v2":{"name":"jkopaniecki","url":"https:\/\/etnomuzykologia.uwr.edu.pl\/fr\/author\/jkopaniecki\/"},"comments_num_v2":"0 commentaire","acf":[],"yoast_head":"<!-- This site is optimized with the Yoast SEO plugin v27.1.1 - https:\/\/yoast.com\/product\/yoast-seo-wordpress\/ -->\n<title>Soutenir l&#039;exp\u00e9dition de recherche \u00e0 Madagascar - Ethnomusicologie<\/title>\n<meta name=\"description\" content=\"Soutenez l&#039;exp\u00e9dition \u00e0 Madagascar afin que les \u00e9tudiants de Wroc\u0142aw disposent des fonds n\u00e9cessaires pour mener leurs recherches.\" \/>\n<meta name=\"robots\" content=\"index, follow, max-snippet:-1, max-image-preview:large, max-video-preview:-1\" \/>\n<link rel=\"canonical\" href=\"https:\/\/etnomuzykologia.uwr.edu.pl\/fr\/soutenir-expedition-a-madagascar-ethnomusicologie\/\" \/>\n<meta property=\"og:locale\" content=\"fr_FR\" \/>\n<meta property=\"og:type\" content=\"article\" \/>\n<meta property=\"og:title\" content=\"Soutenir l&#039;exp\u00e9dition de recherche \u00e0 Madagascar - Ethnomusicologie\" \/>\n<meta property=\"og:description\" content=\"Soutenez l&#039;exp\u00e9dition \u00e0 Madagascar afin que les \u00e9tudiants de Wroc\u0142aw disposent des fonds n\u00e9cessaires pour mener leurs recherches.\" \/>\n<meta property=\"og:url\" content=\"https:\/\/etnomuzykologia.uwr.edu.pl\/fr\/soutenir-expedition-a-madagascar-ethnomusicologie\/\" \/>\n<meta property=\"og:site_name\" content=\"Etnomuzykologia\" \/>\n<meta property=\"article:modified_time\" content=\"2024-07-27T18:50:20+00:00\" \/>\n<meta property=\"og:image\" content=\"https:\/\/etnomuzykologia.uwr.edu.pl\/wp-content\/uploads\/sites\/604\/2024\/07\/IMGP3156-1024x681.jpeg\" \/>\n<meta name=\"twitter:card\" content=\"summary_large_image\" \/>\n<meta name=\"twitter:label1\" content=\"Dur\u00e9e de lecture estim\u00e9e\" \/>\n\t<meta name=\"twitter:data1\" content=\"3 minutes\" \/>\n<script type=\"application\/ld+json\" class=\"yoast-schema-graph\">{\"@context\":\"https:\/\/schema.org\",\"@graph\":[{\"@type\":\"WebPage\",\"@id\":\"https:\/\/etnomuzykologia.uwr.edu.pl\/fr\/soutenir-expedition-a-madagascar-ethnomusicologie\/\",\"url\":\"https:\/\/etnomuzykologia.uwr.edu.pl\/fr\/soutenir-expedition-a-madagascar-ethnomusicologie\/\",\"name\":\"Soutenir l'exp\u00e9dition de recherche \u00e0 Madagascar - Ethnomusicologie\",\"isPartOf\":{\"@id\":\"https:\/\/etnomuzykologia.uwr.edu.pl\/#website\"},\"primaryImageOfPage\":{\"@id\":\"https:\/\/etnomuzykologia.uwr.edu.pl\/fr\/soutenir-expedition-a-madagascar-ethnomusicologie\/#primaryimage\"},\"image\":{\"@id\":\"https:\/\/etnomuzykologia.uwr.edu.pl\/fr\/soutenir-expedition-a-madagascar-ethnomusicologie\/#primaryimage\"},\"thumbnailUrl\":\"https:\/\/etnomuzykologia.uwr.edu.pl\/wp-content\/uploads\/sites\/604\/2024\/07\/IMGP3156-1024x681.jpeg\",\"datePublished\":\"2024-07-10T16:18:03+00:00\",\"dateModified\":\"2024-07-27T18:50:20+00:00\",\"description\":\"Soutenez l'exp\u00e9dition \u00e0 Madagascar afin que les \u00e9tudiants de Wroc\u0142aw disposent des fonds n\u00e9cessaires pour mener leurs recherches.\",\"breadcrumb\":{\"@id\":\"https:\/\/etnomuzykologia.uwr.edu.pl\/fr\/soutenir-expedition-a-madagascar-ethnomusicologie\/#breadcrumb\"},\"inLanguage\":\"fr-FR\",\"potentialAction\":[{\"@type\":\"ReadAction\",\"target\":[\"https:\/\/etnomuzykologia.uwr.edu.pl\/fr\/soutenir-expedition-a-madagascar-ethnomusicologie\/\"]}]},{\"@type\":\"ImageObject\",\"inLanguage\":\"fr-FR\",\"@id\":\"https:\/\/etnomuzykologia.uwr.edu.pl\/fr\/soutenir-expedition-a-madagascar-ethnomusicologie\/#primaryimage\",\"url\":\"https:\/\/etnomuzykologia.uwr.edu.pl\/wp-content\/uploads\/sites\/604\/2024\/07\/IMGP3156-1024x681.jpeg\",\"contentUrl\":\"https:\/\/etnomuzykologia.uwr.edu.pl\/wp-content\/uploads\/sites\/604\/2024\/07\/IMGP3156-1024x681.jpeg\"},{\"@type\":\"BreadcrumbList\",\"@id\":\"https:\/\/etnomuzykologia.uwr.edu.pl\/fr\/soutenir-expedition-a-madagascar-ethnomusicologie\/#breadcrumb\",\"itemListElement\":[{\"@type\":\"ListItem\",\"position\":1,\"name\":\"Strona g\u0142\u00f3wna\",\"item\":\"https:\/\/etnomuzykologia.uwr.edu.pl\/fr\/\"},{\"@type\":\"ListItem\",\"position\":2,\"name\":\"Soutenir l&#8217;exp\u00e9dition de recherche \u00e0 Madagascar\"}]},{\"@type\":\"WebSite\",\"@id\":\"https:\/\/etnomuzykologia.uwr.edu.pl\/#website\",\"url\":\"https:\/\/etnomuzykologia.uwr.edu.pl\/\",\"name\":\"Etnomuzykologia\",\"description\":\"Kolejna witryna sieci \u201eUWR Witryny\u201d\",\"publisher\":{\"@id\":\"https:\/\/etnomuzykologia.uwr.edu.pl\/#organization\"},\"potentialAction\":[{\"@type\":\"SearchAction\",\"target\":{\"@type\":\"EntryPoint\",\"urlTemplate\":\"https:\/\/etnomuzykologia.uwr.edu.pl\/?s={search_term_string}\"},\"query-input\":{\"@type\":\"PropertyValueSpecification\",\"valueRequired\":true,\"valueName\":\"search_term_string\"}}],\"inLanguage\":\"fr-FR\"},{\"@type\":\"Organization\",\"@id\":\"https:\/\/etnomuzykologia.uwr.edu.pl\/#organization\",\"name\":\"Etnomuzykologia\",\"url\":\"https:\/\/etnomuzykologia.uwr.edu.pl\/\",\"logo\":{\"@type\":\"ImageObject\",\"inLanguage\":\"fr-FR\",\"@id\":\"https:\/\/etnomuzykologia.uwr.edu.pl\/#\/schema\/logo\/image\/\",\"url\":\"https:\/\/etnomuzykologia.uwr.edu.pl\/wp-content\/uploads\/sites\/604\/2025\/10\/UWr-logotyp-2025.png\",\"contentUrl\":\"https:\/\/etnomuzykologia.uwr.edu.pl\/wp-content\/uploads\/sites\/604\/2025\/10\/UWr-logotyp-2025.png\",\"width\":764,\"height\":269,\"caption\":\"Etnomuzykologia\"},\"image\":{\"@id\":\"https:\/\/etnomuzykologia.uwr.edu.pl\/#\/schema\/logo\/image\/\"}}]}<\/script>\n<!-- \/ Yoast SEO plugin. -->","yoast_head_json":{"title":"Soutenir l'exp\u00e9dition de recherche \u00e0 Madagascar - Ethnomusicologie","description":"Soutenez l'exp\u00e9dition \u00e0 Madagascar afin que les \u00e9tudiants de Wroc\u0142aw disposent des fonds n\u00e9cessaires pour mener leurs recherches.","robots":{"index":"index","follow":"follow","max-snippet":"max-snippet:-1","max-image-preview":"max-image-preview:large","max-video-preview":"max-video-preview:-1"},"canonical":"https:\/\/etnomuzykologia.uwr.edu.pl\/fr\/soutenir-expedition-a-madagascar-ethnomusicologie\/","og_locale":"fr_FR","og_type":"article","og_title":"Soutenir l'exp\u00e9dition de recherche \u00e0 Madagascar - Ethnomusicologie","og_description":"Soutenez l'exp\u00e9dition \u00e0 Madagascar afin que les \u00e9tudiants de Wroc\u0142aw disposent des fonds n\u00e9cessaires pour mener leurs recherches.","og_url":"https:\/\/etnomuzykologia.uwr.edu.pl\/fr\/soutenir-expedition-a-madagascar-ethnomusicologie\/","og_site_name":"Etnomuzykologia","article_modified_time":"2024-07-27T18:50:20+00:00","og_image":[{"url":"https:\/\/etnomuzykologia.uwr.edu.pl\/wp-content\/uploads\/sites\/604\/2024\/07\/IMGP3156-1024x681.jpeg","type":"","width":"","height":""}],"twitter_card":"summary_large_image","twitter_misc":{"Dur\u00e9e de lecture estim\u00e9e":"3 minutes"},"schema":{"@context":"https:\/\/schema.org","@graph":[{"@type":"WebPage","@id":"https:\/\/etnomuzykologia.uwr.edu.pl\/fr\/soutenir-expedition-a-madagascar-ethnomusicologie\/","url":"https:\/\/etnomuzykologia.uwr.edu.pl\/fr\/soutenir-expedition-a-madagascar-ethnomusicologie\/","name":"Soutenir l'exp\u00e9dition de recherche \u00e0 Madagascar - Ethnomusicologie","isPartOf":{"@id":"https:\/\/etnomuzykologia.uwr.edu.pl\/#website"},"primaryImageOfPage":{"@id":"https:\/\/etnomuzykologia.uwr.edu.pl\/fr\/soutenir-expedition-a-madagascar-ethnomusicologie\/#primaryimage"},"image":{"@id":"https:\/\/etnomuzykologia.uwr.edu.pl\/fr\/soutenir-expedition-a-madagascar-ethnomusicologie\/#primaryimage"},"thumbnailUrl":"https:\/\/etnomuzykologia.uwr.edu.pl\/wp-content\/uploads\/sites\/604\/2024\/07\/IMGP3156-1024x681.jpeg","datePublished":"2024-07-10T16:18:03+00:00","dateModified":"2024-07-27T18:50:20+00:00","description":"Soutenez l'exp\u00e9dition \u00e0 Madagascar afin que les \u00e9tudiants de Wroc\u0142aw disposent des fonds n\u00e9cessaires pour mener leurs recherches.","breadcrumb":{"@id":"https:\/\/etnomuzykologia.uwr.edu.pl\/fr\/soutenir-expedition-a-madagascar-ethnomusicologie\/#breadcrumb"},"inLanguage":"fr-FR","potentialAction":[{"@type":"ReadAction","target":["https:\/\/etnomuzykologia.uwr.edu.pl\/fr\/soutenir-expedition-a-madagascar-ethnomusicologie\/"]}]},{"@type":"ImageObject","inLanguage":"fr-FR","@id":"https:\/\/etnomuzykologia.uwr.edu.pl\/fr\/soutenir-expedition-a-madagascar-ethnomusicologie\/#primaryimage","url":"https:\/\/etnomuzykologia.uwr.edu.pl\/wp-content\/uploads\/sites\/604\/2024\/07\/IMGP3156-1024x681.jpeg","contentUrl":"https:\/\/etnomuzykologia.uwr.edu.pl\/wp-content\/uploads\/sites\/604\/2024\/07\/IMGP3156-1024x681.jpeg"},{"@type":"BreadcrumbList","@id":"https:\/\/etnomuzykologia.uwr.edu.pl\/fr\/soutenir-expedition-a-madagascar-ethnomusicologie\/#breadcrumb","itemListElement":[{"@type":"ListItem","position":1,"name":"Strona g\u0142\u00f3wna","item":"https:\/\/etnomuzykologia.uwr.edu.pl\/fr\/"},{"@type":"ListItem","position":2,"name":"Soutenir l&#8217;exp\u00e9dition de recherche \u00e0 Madagascar"}]},{"@type":"WebSite","@id":"https:\/\/etnomuzykologia.uwr.edu.pl\/#website","url":"https:\/\/etnomuzykologia.uwr.edu.pl\/","name":"Etnomuzykologia","description":"Kolejna witryna sieci \u201eUWR Witryny\u201d","publisher":{"@id":"https:\/\/etnomuzykologia.uwr.edu.pl\/#organization"},"potentialAction":[{"@type":"SearchAction","target":{"@type":"EntryPoint","urlTemplate":"https:\/\/etnomuzykologia.uwr.edu.pl\/?s={search_term_string}"},"query-input":{"@type":"PropertyValueSpecification","valueRequired":true,"valueName":"search_term_string"}}],"inLanguage":"fr-FR"},{"@type":"Organization","@id":"https:\/\/etnomuzykologia.uwr.edu.pl\/#organization","name":"Etnomuzykologia","url":"https:\/\/etnomuzykologia.uwr.edu.pl\/","logo":{"@type":"ImageObject","inLanguage":"fr-FR","@id":"https:\/\/etnomuzykologia.uwr.edu.pl\/#\/schema\/logo\/image\/","url":"https:\/\/etnomuzykologia.uwr.edu.pl\/wp-content\/uploads\/sites\/604\/2025\/10\/UWr-logotyp-2025.png","contentUrl":"https:\/\/etnomuzykologia.uwr.edu.pl\/wp-content\/uploads\/sites\/604\/2025\/10\/UWr-logotyp-2025.png","width":764,"height":269,"caption":"Etnomuzykologia"},"image":{"@id":"https:\/\/etnomuzykologia.uwr.edu.pl\/#\/schema\/logo\/image\/"}}]}},"publishpress_future_action":{"enabled":false,"date":"2026-05-22 20:43:03","action":"change-status","newStatus":"draft","terms":[],"taxonomy":"category","extraData":[]},"publishpress_future_workflow_manual_trigger":{"enabledWorkflows":[]},"_links":{"self":[{"href":"https:\/\/etnomuzykologia.uwr.edu.pl\/fr\/wp-json\/wp\/v2\/pages\/25232\/"}],"collection":[{"href":"https:\/\/etnomuzykologia.uwr.edu.pl\/fr\/wp-json\/wp\/v2\/pages\/"}],"about":[{"href":"https:\/\/etnomuzykologia.uwr.edu.pl\/fr\/wp-json\/wp\/v2\/types\/page\/"}],"author":[{"embeddable":true,"href":"https:\/\/etnomuzykologia.uwr.edu.pl\/fr\/wp-json\/wp\/v2\/users\/9664\/"}],"replies":[{"embeddable":true,"href":"https:\/\/etnomuzykologia.uwr.edu.pl\/fr\/wp-json\/wp\/v2\/comments\/?post=25232"}],"version-history":[{"count":1,"href":"https:\/\/etnomuzykologia.uwr.edu.pl\/fr\/wp-json\/wp\/v2\/pages\/25232\/revisions\/"}],"predecessor-version":[{"id":25238,"href":"https:\/\/etnomuzykologia.uwr.edu.pl\/fr\/wp-json\/wp\/v2\/pages\/25232\/revisions\/25238\/"}],"wp:attachment":[{"href":"https:\/\/etnomuzykologia.uwr.edu.pl\/fr\/wp-json\/wp\/v2\/media\/?parent=25232"}],"wp:term":[{"taxonomy":"category","embeddable":true,"href":"https:\/\/etnomuzykologia.uwr.edu.pl\/fr\/wp-json\/wp\/v2\/categories\/?post=25232"},{"taxonomy":"post_tag","embeddable":true,"href":"https:\/\/etnomuzykologia.uwr.edu.pl\/fr\/wp-json\/wp\/v2\/tags\/?post=25232"}],"curies":[{"name":"wp","href":"https:\/\/api.w.org\/{rel}","templated":true}]}}